{"id":3091,"date":"2023-01-16T14:51:18","date_gmt":"2023-01-16T14:51:18","guid":{"rendered":"http:\/\/ashms.tn\/?page_id=3091"},"modified":"2025-07-28T09:13:23","modified_gmt":"2025-07-28T09:13:23","slug":"cellule-therapeutique","status":"publish","type":"page","link":"https:\/\/ashms.net\/?page_id=3091","title":{"rendered":"Cellule th\u00e9rapeutique"},"content":{"rendered":"\t\t<div data-elementor-type=\"wp-page\" data-elementor-id=\"3091\" class=\"elementor elementor-3091\">\n\t\t\t\t\t\t<section class=\"elementor-section elementor-top-section elementor-element elementor-element-74a6652 elementor-section-boxed elementor-section-height-default elementor-section-height-default elementor-invisible\" data-id=\"74a6652\" data-element_type=\"section\" data-settings=\"{&quot;animation&quot;:&quot;fadeInLeft&quot;}\">\n\t\t\t\t\t\t<div class=\"elementor-container elementor-column-gap-default\">\n\t\t\t\t\t<div class=\"elementor-column elementor-col-100 elementor-top-column elementor-element elementor-element-003308a\" data-id=\"003308a\" data-element_type=\"column\">\n\t\t\t<div class=\"elementor-widget-wrap elementor-element-populated\">\n\t\t\t\t\t\t<div class=\"elementor-element elementor-element-5d64abb elementor-widget elementor-widget-cz_title\" data-id=\"5d64abb\" data-element_type=\"widget\" data-widget_type=\"cz_title.default\">\n\t\t\t\t<div class=\"elementor-widget-container\">\n\t\t\t\t\n\t\t<div>\n\t\t\t<div class=\"cz_title clr cz_mobile_text_center cz_title_pos_center\"><div class=\"cz_title_content\"><div class=\"cz_wpe_content\"><strong><span style=\"font-size: 22px; color: #002699;\">Cellule th\u00e9rapeutique <\/span> <\/strong><\/div><\/div><\/div>\n\t\t<\/div>\n\t\t\n\t\t\t\t<\/div>\n\t\t\t\t<\/div>\n\t\t\t\t<div class=\"elementor-element elementor-element-4b14b25 elementor-widget elementor-widget-cz_title\" data-id=\"4b14b25\" data-element_type=\"widget\" data-widget_type=\"cz_title.default\">\n\t\t\t\t<div class=\"elementor-widget-container\">\n\t\t\t\t\n\t\t<div>\n\t\t\t<div class=\"cz_title clr cz_mobile_text_center cz_title_pos_center\"><div class=\"cz_title_content\"><div class=\"cz_wpe_content\"><p style=\"font-size: 17px;\" align=\"justify\"><span style=\"vertical-align: inherit;\">qui fournit des pr\u00e9sentation physique et artistique. <\/span><\/p><\/div><\/div><\/div>\n\t\t<\/div>\n\t\t\n\t\t\t\t<\/div>\n\t\t\t\t<\/div>\n\t\t\t\t<div class=\"elementor-element elementor-element-673e056 elementor-align-center elementor-widget elementor-widget-button\" data-id=\"673e056\" data-element_type=\"widget\" data-widget_type=\"button.default\">\n\t\t\t\t<div class=\"elementor-widget-container\">\n\t\t\t\t\t<div class=\"elementor-button-wrapper\">\n\t\t\t<a class=\"elementor-button elementor-button-link elementor-size-md\" href=\"http:\/\/ashms.net\/?page_id=3117\">\n\t\t\t\t\t\t<span class=\"elementor-button-content-wrapper\">\n\t\t\t\t\t\t\t\t\t<span class=\"elementor-button-text\">Th\u00e9rapie physique <\/span>\n\t\t\t\t\t<\/span>\n\t\t\t\t\t<\/a>\n\t\t<\/div>\n\t\t\t\t<\/div>\n\t\t\t\t<\/div>\n\t\t\t\t<div class=\"elementor-element elementor-element-eab285a elementor-align-center elementor-widget elementor-widget-button\" data-id=\"eab285a\" data-element_type=\"widget\" data-widget_type=\"button.default\">\n\t\t\t\t<div class=\"elementor-widget-container\">\n\t\t\t\t\t<div class=\"elementor-button-wrapper\">\n\t\t\t<a class=\"elementor-button elementor-button-link elementor-size-md\" href=\"http:\/\/ashms.net\/?page_id=3100\">\n\t\t\t\t\t\t<span class=\"elementor-button-content-wrapper\">\n\t\t\t\t\t\t\t\t\t<span class=\"elementor-button-text\">Th\u00e9rapie artistique <\/span>\n\t\t\t\t\t<\/span>\n\t\t\t\t\t<\/a>\n\t\t<\/div>\n\t\t\t\t<\/div>\n\t\t\t\t<\/div>\n\t\t\t\t<div class=\"elementor-element elementor-element-06c8852 elementor-align-center elementor-widget elementor-widget-button\" data-id=\"06c8852\" data-element_type=\"widget\" data-widget_type=\"button.default\">\n\t\t\t\t<div class=\"elementor-widget-container\">\n\t\t\t\t\t<div class=\"elementor-button-wrapper\">\n\t\t\t<a class=\"elementor-button elementor-button-link elementor-size-md\" href=\"http:\/\/ashms.net\/?page_id=3109\">\n\t\t\t\t\t\t<span class=\"elementor-button-content-wrapper\">\n\t\t\t\t\t\t\t\t\t<span class=\"elementor-button-text\">Education th\u00e9rapeutique <\/span>\n\t\t\t\t\t<\/span>\n\t\t\t\t\t<\/a>\n\t\t<\/div>\n\t\t\t\t<\/div>\n\t\t\t\t<\/div>\n\t\t\t\t\t<\/div>\n\t\t<\/div>\n\t\t\t\t\t<\/div>\n\t\t<\/section>\n\t\t\t\t<\/div>\n\t\t","protected":false},"excerpt":{"rendered":"<p>Cellule th\u00e9rapeutique qui fournit des pr\u00e9sentation physique et artistique. Th\u00e9rapie physique &#8230; <\/p>\n","protected":false},"author":2,"featured_media":0,"parent":0,"menu_order":0,"comment_status":"closed","ping_status":"closed","template":"","meta":{"footnotes":""},"_links":{"self":[{"href":"https:\/\/ashms.net\/index.php?rest_route=\/wp\/v2\/pages\/3091"}],"collection":[{"href":"https:\/\/ashms.net\/index.php?rest_route=\/wp\/v2\/pages"}],"about":[{"href":"https:\/\/ashms.net\/index.php?rest_route=\/wp\/v2\/types\/page"}],"author":[{"embeddable":true,"href":"https:\/\/ashms.net\/index.php?rest_route=\/wp\/v2\/users\/2"}],"replies":[{"embeddable":true,"href":"https:\/\/ashms.net\/index.php?rest_route=%2Fwp%2Fv2%2Fcomments&post=3091"}],"version-history":[{"count":40,"href":"https:\/\/ashms.net\/index.php?rest_route=\/wp\/v2\/pages\/3091\/revisions"}],"predecessor-version":[{"id":3329,"href":"https:\/\/ashms.net\/index.php?rest_route=\/wp\/v2\/pages\/3091\/revisions\/3329"}],"wp:attachment":[{"href":"https:\/\/ashms.net\/index.php?rest_route=%2Fwp%2Fv2%2Fmedia&parent=3091"}],"curies":[{"name":"wp","href":"https:\/\/api.w.org\/{rel}","templated":true}]}}