{"id":3065,"date":"2023-01-16T13:07:52","date_gmt":"2023-01-16T13:07:52","guid":{"rendered":"http:\/\/ashms.tn\/?page_id=3065"},"modified":"2023-01-17T10:20:22","modified_gmt":"2023-01-17T10:20:22","slug":"departement-social","status":"publish","type":"page","link":"https:\/\/ashms.net\/?page_id=3065","title":{"rendered":"D\u00e9partement social"},"content":{"rendered":"\t\t<div data-elementor-type=\"wp-page\" data-elementor-id=\"3065\" class=\"elementor elementor-3065\">\n\t\t\t\t\t\t<section class=\"elementor-section elementor-top-section elementor-element elementor-element-b75b7c2 elementor-section-boxed elementor-section-height-default elementor-section-height-default\" data-id=\"b75b7c2\" data-element_type=\"section\">\n\t\t\t\t\t\t<div class=\"elementor-container elementor-column-gap-default\">\n\t\t\t\t\t<div class=\"elementor-column elementor-col-100 elementor-top-column elementor-element elementor-element-94ba69a elementor-invisible\" data-id=\"94ba69a\" data-element_type=\"column\" data-settings=\"{&quot;animation&quot;:&quot;fadeInLeft&quot;}\">\n\t\t\t<div class=\"elementor-widget-wrap elementor-element-populated\">\n\t\t\t\t\t\t<div class=\"elementor-element elementor-element-b234d72 elementor-widget elementor-widget-cz_title\" data-id=\"b234d72\" data-element_type=\"widget\" data-widget_type=\"cz_title.default\">\n\t\t\t\t<div class=\"elementor-widget-container\">\n\t\t\t\t\n\t\t<div>\n\t\t\t<div class=\"cz_title clr cz_mobile_text_center cz_title_pos_center\"><div class=\"cz_title_content\"><div class=\"cz_wpe_content\"><strong><span style=\"font-size: 22px; color: #002699;\">D\u00e9partement social<\/span><\/span><\/span><\/span><\/span><\/h3><\/div><\/div><\/div>\n\t\t<\/div>\n\t\t\n\t\t\t\t<\/div>\n\t\t\t\t<\/div>\n\t\t\t\t<div class=\"elementor-element elementor-element-81ab974 elementor-widget elementor-widget-cz_title\" data-id=\"81ab974\" data-element_type=\"widget\" data-widget_type=\"cz_title.default\">\n\t\t\t\t<div class=\"elementor-widget-container\">\n\t\t\t\t\n\t\t<div>\n\t\t\t<div class=\"cz_title clr cz_mobile_text_center cz_title_pos_inline\"><div class=\"cz_title_content\"><div class=\"cz_wpe_content\"><h3><span style=\"font-size: 22px; color: #002699;\"> D\u00e9finition <\/span><\/h3>\n<p style=\"font-size: 17px;\" align=\"justify\"><span style=\"vertical-align: inherit;\">Ce d\u00e9partement am\u00e9liore la vie social des personnes handicap\u00e9es et facilite leur vie quotidienne et il s'agit d'int\u00e9grer l'handicap dans la vie professionnelle. <\/span><\/p><\/div><\/div><\/div>\n\t\t<\/div>\n\t\t\n\t\t\t\t<\/div>\n\t\t\t\t<\/div>\n\t\t\t\t<div class=\"elementor-element elementor-element-7f477ba elementor-widget elementor-widget-cz_title\" data-id=\"7f477ba\" data-element_type=\"widget\" data-widget_type=\"cz_title.default\">\n\t\t\t\t<div class=\"elementor-widget-container\">\n\t\t\t\t\n\t\t<div>\n\t\t\t<div class=\"cz_title clr cz_mobile_text_center cz_title_pos_inline\"><div class=\"cz_title_content\"><div class=\"cz_wpe_content\"><h3><span style=\"font-size: 22px; color: #002699;\"> Son r\u00f4le <\/span><\/h3><\/div><\/div><\/div>\n\t\t<\/div>\n\t\t\n\t\t\t\t<\/div>\n\t\t\t\t<\/div>\n\t\t\t\t<div class=\"elementor-element elementor-element-457b56e elementor-widget elementor-widget-cz_stylish_list\" data-id=\"457b56e\" data-element_type=\"widget\" data-widget_type=\"cz_stylish_list.default\">\n\t\t\t\t<div class=\"elementor-widget-container\">\n\t\t\t<ul class=\"cz_stylish_list clr cz_sl_icon_hover_blur\"><li class=\"elementor-repeater-item-11e7155 clr\"><div class=\"cz_sl_icon\"><i class=\"mr10 fa czico-074-tick-inside-circle\"><\/i><\/div><div><span>L'encadrement social <\/span><\/div><\/li><\/ul>\t\t<\/div>\n\t\t\t\t<\/div>\n\t\t\t\t<div class=\"elementor-element elementor-element-69cc859 elementor-widget elementor-widget-cz_stylish_list\" data-id=\"69cc859\" data-element_type=\"widget\" data-widget_type=\"cz_stylish_list.default\">\n\t\t\t\t<div class=\"elementor-widget-container\">\n\t\t\t<ul class=\"cz_stylish_list clr cz_sl_icon_hover_zoom_in\"><li class=\"elementor-repeater-item-72539cd clr\"><div class=\"cz_sl_icon\"><i class=\"mr10 czi czico-102-checklist\"><\/i><\/div><div><span><strong><span style=\"font-size: 16px; color: #d8230f;\">Accueil :<\/span> <\/strong>mettre \u00e0 jour rt oubrir des dossiers sociaux.<\/span><\/div><\/li><li class=\"elementor-repeater-item-2525b38 clr\"><div class=\"cz_sl_icon\"><i class=\"mr10 czi czico-102-checklist\"><\/i><\/div><div><span><strong><span style=\"font-size: 16px; color: #d8230f;\">Orientation :<\/span><\/strong> orienter et guider des personnes handicap\u00e9es vers sections internes (sain ; educatif ; social) ou sections externes.<small>(des h\u00f4pitaux ; unit\u00e9 du promotion social ; des soci\u00e9t\u00e9s de micro finance ...) <\/small><\/span><\/div><\/li><li class=\"elementor-repeater-item-966214a clr\"><div class=\"cz_sl_icon\"><i class=\"mr10 czi czico-102-checklist\"><\/i><\/div><div><span><strong><span style=\"font-size: 16px; color: #d8230f;\">Suivi :<\/span><\/strong> l'\u00e9coute des handicap\u00e9es ayant des divers probl\u00e8mes et essayer de les r\u00e9soudre et d'assurer un suivi .<\/span><\/div><\/li><li class=\"elementor-repeater-item-e94bca9 clr\"><div class=\"cz_sl_icon\"><i class=\"mr10 czi czico-102-checklist\"><\/i><\/div><div><span><strong><span style=\"font-size: 16px; color: #d8230f;\">Soutien mat\u00e9riel et moral :<\/span><\/strong> des soutiens occasionnels et saisonniers. <\/span><\/div><\/li><li class=\"elementor-repeater-item-d9eff18 clr\"><div class=\"cz_sl_icon\"><i class=\"mr10 czi czico-102-checklist\"><\/i><\/div><div><span><strong><span style=\"font-size: 16px; color: #d8230f;\">Services de maintenance et initialisation : <\/span><\/strong>selon les ressource financi\u00e8res et mat\u00e9rielles disponibles \u00e0 l'association.<\/span><\/div><\/li><li class=\"elementor-repeater-item-dba947c clr\"><div class=\"cz_sl_icon\"><i class=\"mr10 czi czico-102-checklist\"><\/i><\/div><div><span><strong><span style=\"font-size: 16px; color: #d8230f;\">Services conseils : <\/sapn><\/strong>selon les disponibilit\u00e9s de l'association.<\/span><\/div><\/li><\/ul>\t\t<\/div>\n\t\t\t\t<\/div>\n\t\t\t\t<div class=\"elementor-element elementor-element-225d9c2 elementor-widget elementor-widget-cz_stylish_list\" data-id=\"225d9c2\" data-element_type=\"widget\" data-widget_type=\"cz_stylish_list.default\">\n\t\t\t\t<div class=\"elementor-widget-container\">\n\t\t\t<ul class=\"cz_stylish_list clr cz_sl_icon_hover_blur\"><li class=\"elementor-repeater-item-11e7155 clr\"><div class=\"cz_sl_icon\"><i class=\"mr10 fa czico-074-tick-inside-circle\"><\/i><\/div><div><span>Integration dans la vie active <\/span><\/div><\/li><\/ul>\t\t<\/div>\n\t\t\t\t<\/div>\n\t\t\t\t<div class=\"elementor-element elementor-element-c5709db elementor-widget elementor-widget-cz_stylish_list\" data-id=\"c5709db\" data-element_type=\"widget\" data-widget_type=\"cz_stylish_list.default\">\n\t\t\t\t<div class=\"elementor-widget-container\">\n\t\t\t<ul class=\"cz_stylish_list clr cz_sl_icon_hover_zoom_in\"><li class=\"elementor-repeater-item-d9eff18 clr\"><div class=\"cz_sl_icon\"><i class=\"mr10 czi czico-102-checklist\"><\/i><\/div><div><span><strong><span style=\"font-size: 16px; color: #d8230f;\">Insertion : <\/span><\/strong>orienter l'handicap vers les soci\u00e9t\u00e9s publiques et priv\u00e9es pour int\u00e9gration professionnelle pour atteindre l'ind\u00e9pendance financi\u00e8re.<\/span><\/div><\/li><li class=\"elementor-repeater-item-dba947c clr\"><div class=\"cz_sl_icon\"><i class=\"mr10 czi czico-102-checklist\"><\/i><\/div><div><span><strong><span style=\"font-size: 16px; color: #d8230f;\">Suivi professionnel : <\/sapn><\/strong>suivi des personnes handicap\u00e9es de l'association travaillant dans les soci\u00e9t\u00e9s publiques et priv\u00e9es et aux qui ont leur propre projet pour assurer la r\u00e9ussite et la continuit\u00e9 de l'insertion professionnelle.<\/span><\/div><\/li><\/ul>\t\t<\/div>\n\t\t\t\t<\/div>\n\t\t\t\t\t<\/div>\n\t\t<\/div>\n\t\t\t\t\t<\/div>\n\t\t<\/section>\n\t\t\t\t<\/div>\n\t\t","protected":false},"excerpt":{"rendered":"<p>D\u00e9partement social D\u00e9finition Ce d\u00e9partement am\u00e9liore la vie social des personnes &#8230; <\/p>\n","protected":false},"author":2,"featured_media":0,"parent":0,"menu_order":0,"comment_status":"closed","ping_status":"closed","template":"","meta":{"footnotes":""},"_links":{"self":[{"href":"https:\/\/ashms.net\/index.php?rest_route=\/wp\/v2\/pages\/3065"}],"collection":[{"href":"https:\/\/ashms.net\/index.php?rest_route=\/wp\/v2\/pages"}],"about":[{"href":"https:\/\/ashms.net\/index.php?rest_route=\/wp\/v2\/types\/page"}],"author":[{"embeddable":true,"href":"https:\/\/ashms.net\/index.php?rest_route=\/wp\/v2\/users\/2"}],"replies":[{"embeddable":true,"href":"https:\/\/ashms.net\/index.php?rest_route=%2Fwp%2Fv2%2Fcomments&post=3065"}],"version-history":[{"count":10,"href":"https:\/\/ashms.net\/index.php?rest_route=\/wp\/v2\/pages\/3065\/revisions"}],"predecessor-version":[{"id":3263,"href":"https:\/\/ashms.net\/index.php?rest_route=\/wp\/v2\/pages\/3065\/revisions\/3263"}],"wp:attachment":[{"href":"https:\/\/ashms.net\/index.php?rest_route=%2Fwp%2Fv2%2Fmedia&parent=3065"}],"curies":[{"name":"wp","href":"https:\/\/api.w.org\/{rel}","templated":true}]}}