{"id":2733,"date":"2022-11-02T17:35:55","date_gmt":"2022-11-02T17:35:55","guid":{"rendered":"http:\/\/ashms.tn\/?page_id=2733"},"modified":"2022-11-22T20:02:36","modified_gmt":"2022-11-22T20:02:36","slug":"population-cible","status":"publish","type":"page","link":"https:\/\/ashms.net\/?page_id=2733","title":{"rendered":"Population cible"},"content":{"rendered":"\t\t<div data-elementor-type=\"wp-page\" data-elementor-id=\"2733\" class=\"elementor elementor-2733\">\n\t\t\t\t\t\t<section class=\"elementor-section elementor-top-section elementor-element elementor-element-e559999 elementor-section-boxed elementor-section-height-default elementor-section-height-default\" data-id=\"e559999\" data-element_type=\"section\">\n\t\t\t\t\t\t<div class=\"elementor-container elementor-column-gap-default\">\n\t\t\t\t\t<div class=\"elementor-column elementor-col-50 elementor-top-column elementor-element elementor-element-4735406 elementor-invisible\" data-id=\"4735406\" data-element_type=\"column\" data-settings=\"{&quot;animation&quot;:&quot;fadeInLeft&quot;}\">\n\t\t\t<div class=\"elementor-widget-wrap elementor-element-populated\">\n\t\t\t\t\t\t<div class=\"elementor-element elementor-element-7363c0c elementor-widget elementor-widget-cz_title\" data-id=\"7363c0c\" data-element_type=\"widget\" data-widget_type=\"cz_title.default\">\n\t\t\t\t<div class=\"elementor-widget-container\">\n\t\t\t\t\n\t\t<div>\n\t\t\t<div class=\"cz_title clr cz_mobile_text_center cz_title_pos_inline\"><div class=\"cz_title_content\"><div class=\"cz_wpe_content\"><p style=\"font-size: 17px;\" align=\"justify\">Le centre pr\u00e9coce accueille les patients de quelques mois a 3 ans : <\/p><\/div><\/div><\/div>\n\t\t<\/div>\n\t\t\n\t\t\t\t<\/div>\n\t\t\t\t<\/div>\n\t\t\t\t<div class=\"elementor-element elementor-element-8b53215 elementor-widget elementor-widget-cz_stylish_list\" data-id=\"8b53215\" data-element_type=\"widget\" data-widget_type=\"cz_stylish_list.default\">\n\t\t\t\t<div class=\"elementor-widget-container\">\n\t\t\t<ul class=\"cz_stylish_list clr cz_sl_icon_hover_blur\"><li class=\"elementor-repeater-item-11e7155 clr\"><div class=\"cz_sl_icon\"><i class=\"mr10 fa czico-074-tick-inside-circle\"><\/i><\/div><div><span>Les pr\u00e9matur\u00e9s<\/span><\/div><\/li><li class=\"elementor-repeater-item-4169ab4 clr\"><div class=\"cz_sl_icon\"><i class=\"mr10 fa czico-074-tick-inside-circle\"><\/i><\/div><div><span>Les b\u00e9b\u00e9s ayant des souffrances p\u00e9rinatales, n\u00e9o-natales et post-natales<\/span><\/div><\/li><li class=\"elementor-repeater-item-7bdf7d6 clr\"><div class=\"cz_sl_icon\"><i class=\"mr10 fa czico-074-tick-inside-circle\"><\/i><\/div><div><span>Retards de d\u00e9veloppement psychomoteur<\/span><\/div><\/li><li class=\"elementor-repeater-item-8d86e28 clr\"><div class=\"cz_sl_icon\"><i class=\"mr10 fa czico-074-tick-inside-circle\"><\/i><\/div><div><span>Les maladies g\u00e9n\u00e9tiques (dystrophie musculaire, myopathie,\u2026)<\/span><\/div><\/li><\/ul>\t\t<\/div>\n\t\t\t\t<\/div>\n\t\t\t\t\t<\/div>\n\t\t<\/div>\n\t\t\t\t<div class=\"elementor-column elementor-col-50 elementor-top-column elementor-element elementor-element-f9eb2a0 elementor-invisible\" data-id=\"f9eb2a0\" data-element_type=\"column\" data-settings=\"{&quot;animation&quot;:&quot;fadeInLeft&quot;}\">\n\t\t\t<div class=\"elementor-widget-wrap elementor-element-populated\">\n\t\t\t\t\t\t<div class=\"elementor-element elementor-element-6dec0aa elementor-widget elementor-widget-spacer\" data-id=\"6dec0aa\" data-element_type=\"widget\" data-widget_type=\"spacer.default\">\n\t\t\t\t<div class=\"elementor-widget-container\">\n\t\t\t<style>\/*! elementor - v3.21.0 - 30-04-2024 *\/\n.elementor-column .elementor-spacer-inner{height:var(--spacer-size)}.e-con{--container-widget-width:100%}.e-con-inner>.elementor-widget-spacer,.e-con>.elementor-widget-spacer{width:var(--container-widget-width,var(--spacer-size));--align-self:var(--container-widget-align-self,initial);--flex-shrink:0}.e-con-inner>.elementor-widget-spacer>.elementor-widget-container,.e-con>.elementor-widget-spacer>.elementor-widget-container{height:100%;width:100%}.e-con-inner>.elementor-widget-spacer>.elementor-widget-container>.elementor-spacer,.e-con>.elementor-widget-spacer>.elementor-widget-container>.elementor-spacer{height:100%}.e-con-inner>.elementor-widget-spacer>.elementor-widget-container>.elementor-spacer>.elementor-spacer-inner,.e-con>.elementor-widget-spacer>.elementor-widget-container>.elementor-spacer>.elementor-spacer-inner{height:var(--container-widget-height,var(--spacer-size))}.e-con-inner>.elementor-widget-spacer.elementor-widget-empty,.e-con>.elementor-widget-spacer.elementor-widget-empty{position:relative;min-height:22px;min-width:22px}.e-con-inner>.elementor-widget-spacer.elementor-widget-empty .elementor-widget-empty-icon,.e-con>.elementor-widget-spacer.elementor-widget-empty .elementor-widget-empty-icon{position:absolute;top:0;bottom:0;left:0;right:0;margin:auto;padding:0;width:22px;height:22px}<\/style>\t\t<div class=\"elementor-spacer\">\n\t\t\t<div class=\"elementor-spacer-inner\"><\/div>\n\t\t<\/div>\n\t\t\t\t<\/div>\n\t\t\t\t<\/div>\n\t\t\t\t<div class=\"elementor-element elementor-element-bf24122 elementor-widget elementor-widget-image-gallery\" data-id=\"bf24122\" data-element_type=\"widget\" data-widget_type=\"image-gallery.default\">\n\t\t\t\t<div class=\"elementor-widget-container\">\n\t\t\t<style>\/*! elementor - v3.21.0 - 30-04-2024 *\/\n.elementor-image-gallery .gallery-item{display:inline-block;text-align:center;vertical-align:top;width:100%;max-width:100%;margin:0 auto}.elementor-image-gallery .gallery-item img{margin:0 auto}.elementor-image-gallery .gallery-item .gallery-caption{margin:0}.elementor-image-gallery figure img{display:block}.elementor-image-gallery figure figcaption{width:100%}.gallery-spacing-custom .elementor-image-gallery .gallery-icon{padding:0}@media (min-width:768px){.elementor-image-gallery .gallery-columns-2 .gallery-item{max-width:50%}.elementor-image-gallery .gallery-columns-3 .gallery-item{max-width:33.33%}.elementor-image-gallery .gallery-columns-4 .gallery-item{max-width:25%}.elementor-image-gallery .gallery-columns-5 .gallery-item{max-width:20%}.elementor-image-gallery .gallery-columns-6 .gallery-item{max-width:16.666%}.elementor-image-gallery .gallery-columns-7 .gallery-item{max-width:14.28%}.elementor-image-gallery .gallery-columns-8 .gallery-item{max-width:12.5%}.elementor-image-gallery .gallery-columns-9 .gallery-item{max-width:11.11%}.elementor-image-gallery .gallery-columns-10 .gallery-item{max-width:10%}}@media (min-width:480px) and (max-width:767px){.elementor-image-gallery .gallery.gallery-columns-2 .gallery-item,.elementor-image-gallery .gallery.gallery-columns-3 .gallery-item,.elementor-image-gallery .gallery.gallery-columns-4 .gallery-item,.elementor-image-gallery .gallery.gallery-columns-5 .gallery-item,.elementor-image-gallery .gallery.gallery-columns-6 .gallery-item,.elementor-image-gallery .gallery.gallery-columns-7 .gallery-item,.elementor-image-gallery .gallery.gallery-columns-8 .gallery-item,.elementor-image-gallery .gallery.gallery-columns-9 .gallery-item,.elementor-image-gallery .gallery.gallery-columns-10 .gallery-item{max-width:50%}}@media (max-width:479px){.elementor-image-gallery .gallery.gallery-columns-2 .gallery-item,.elementor-image-gallery .gallery.gallery-columns-3 .gallery-item,.elementor-image-gallery .gallery.gallery-columns-4 .gallery-item,.elementor-image-gallery .gallery.gallery-columns-5 .gallery-item,.elementor-image-gallery .gallery.gallery-columns-6 .gallery-item,.elementor-image-gallery .gallery.gallery-columns-7 .gallery-item,.elementor-image-gallery .gallery.gallery-columns-8 .gallery-item,.elementor-image-gallery .gallery.gallery-columns-9 .gallery-item,.elementor-image-gallery .gallery.gallery-columns-10 .gallery-item{max-width:100%}}<\/style>\t\t<div class=\"elementor-image-gallery\">\n\t\t\t<div id='gallery-1' class='gallery galleryid-2733 gallery-columns-2 gallery-size-thumbnail'><figure class='gallery-item'>\n\t\t\t<div class='gallery-icon landscape'>\n\t\t\t\t<a data-elementor-open-lightbox=\"yes\" data-elementor-lightbox-slideshow=\"bf24122\" data-elementor-lightbox-title=\"prise en charge precoce 4\" data-e-action-hash=\"#elementor-action%3Aaction%3Dlightbox%26settings%3DeyJpZCI6MTY3NSwidXJsIjoiaHR0cHM6XC9cL2FzaG1zLm5ldFwvd3AtY29udGVudFwvdXBsb2Fkc1wvMjAyMlwvMDhcL3ByaXNlLWVuLWNoYXJnZS1wcmVjb2NlLTQuanBnIiwic2xpZGVzaG93IjoiYmYyNDEyMiJ9\" href='https:\/\/ashms.net\/wp-content\/uploads\/2022\/08\/prise-en-charge-precoce-4.jpg'><img decoding=\"async\" width=\"150\" height=\"150\" src=\"https:\/\/ashms.net\/wp-content\/uploads\/2022\/08\/prise-en-charge-precoce-4-150x150.jpg\" class=\"attachment-thumbnail size-thumbnail\" alt=\"\" srcset=\"https:\/\/ashms.net\/wp-content\/uploads\/2022\/08\/prise-en-charge-precoce-4-150x150.jpg 150w, https:\/\/ashms.net\/wp-content\/uploads\/2022\/08\/prise-en-charge-precoce-4-100x100.jpg 100w\" sizes=\"(max-width: 150px) 100vw, 150px\" \/><\/a>\n\t\t\t<\/div><\/figure><figure class='gallery-item'>\n\t\t\t<div class='gallery-icon landscape'>\n\t\t\t\t<a data-elementor-open-lightbox=\"yes\" data-elementor-lightbox-slideshow=\"bf24122\" data-elementor-lightbox-title=\"prise en charge 3\" data-e-action-hash=\"#elementor-action%3Aaction%3Dlightbox%26settings%3DeyJpZCI6MTY3NCwidXJsIjoiaHR0cHM6XC9cL2FzaG1zLm5ldFwvd3AtY29udGVudFwvdXBsb2Fkc1wvMjAyMlwvMDhcL3ByaXNlLWVuLWNoYXJnZS0zLmpwZyIsInNsaWRlc2hvdyI6ImJmMjQxMjIifQ%3D%3D\" href='https:\/\/ashms.net\/wp-content\/uploads\/2022\/08\/prise-en-charge-3.jpg'><img decoding=\"async\" width=\"150\" height=\"150\" src=\"https:\/\/ashms.net\/wp-content\/uploads\/2022\/08\/prise-en-charge-3-150x150.jpg\" class=\"attachment-thumbnail size-thumbnail\" alt=\"prise en charge pr\u00e9coce\" srcset=\"https:\/\/ashms.net\/wp-content\/uploads\/2022\/08\/prise-en-charge-3-150x150.jpg 150w, https:\/\/ashms.net\/wp-content\/uploads\/2022\/08\/prise-en-charge-3-100x100.jpg 100w\" sizes=\"(max-width: 150px) 100vw, 150px\" \/><\/a>\n\t\t\t<\/div><\/figure><figure class='gallery-item'>\n\t\t\t<div class='gallery-icon landscape'>\n\t\t\t\t<a data-elementor-open-lightbox=\"yes\" data-elementor-lightbox-slideshow=\"bf24122\" data-elementor-lightbox-title=\"prise en charge precose 2\" data-e-action-hash=\"#elementor-action%3Aaction%3Dlightbox%26settings%3DeyJpZCI6MTY3MywidXJsIjoiaHR0cHM6XC9cL2FzaG1zLm5ldFwvd3AtY29udGVudFwvdXBsb2Fkc1wvMjAyMlwvMDhcL3ByaXNlLWVuLWNoYXJnZS1wcmVjb3NlLTIuanBnIiwic2xpZGVzaG93IjoiYmYyNDEyMiJ9\" href='https:\/\/ashms.net\/wp-content\/uploads\/2022\/08\/prise-en-charge-precose-2.jpg'><img decoding=\"async\" width=\"150\" height=\"150\" src=\"https:\/\/ashms.net\/wp-content\/uploads\/2022\/08\/prise-en-charge-precose-2-150x150.jpg\" class=\"attachment-thumbnail size-thumbnail\" alt=\"prise en charge pr\u00e9coce\" srcset=\"https:\/\/ashms.net\/wp-content\/uploads\/2022\/08\/prise-en-charge-precose-2-150x150.jpg 150w, https:\/\/ashms.net\/wp-content\/uploads\/2022\/08\/prise-en-charge-precose-2-600x600.jpg 600w, https:\/\/ashms.net\/wp-content\/uploads\/2022\/08\/prise-en-charge-precose-2-100x100.jpg 100w\" sizes=\"(max-width: 150px) 100vw, 150px\" \/><\/a>\n\t\t\t<\/div><\/figure><figure class='gallery-item'>\n\t\t\t<div class='gallery-icon landscape'>\n\t\t\t\t<a data-elementor-open-lightbox=\"yes\" data-elementor-lightbox-slideshow=\"bf24122\" data-elementor-lightbox-title=\"prise en charge precoce\" data-e-action-hash=\"#elementor-action%3Aaction%3Dlightbox%26settings%3DeyJpZCI6MTY3MiwidXJsIjoiaHR0cHM6XC9cL2FzaG1zLm5ldFwvd3AtY29udGVudFwvdXBsb2Fkc1wvMjAyMlwvMDhcL3ByaXNlLWVuLWNoYXJnZS1wcmVjb2NlLnBuZyIsInNsaWRlc2hvdyI6ImJmMjQxMjIifQ%3D%3D\" href='https:\/\/ashms.net\/wp-content\/uploads\/2022\/08\/prise-en-charge-precoce.png'><img loading=\"lazy\" decoding=\"async\" width=\"150\" height=\"150\" src=\"https:\/\/ashms.net\/wp-content\/uploads\/2022\/08\/prise-en-charge-precoce-150x150.png\" class=\"attachment-thumbnail size-thumbnail\" alt=\"prise en charge pr\u00e9coce\" srcset=\"https:\/\/ashms.net\/wp-content\/uploads\/2022\/08\/prise-en-charge-precoce-150x150.png 150w, https:\/\/ashms.net\/wp-content\/uploads\/2022\/08\/prise-en-charge-precoce-100x100.png 100w\" sizes=\"(max-width: 150px) 100vw, 150px\" \/><\/a>\n\t\t\t<\/div><\/figure>\n\t\t<\/div>\n\t\t<\/div>\n\t\t\t\t<\/div>\n\t\t\t\t<\/div>\n\t\t\t\t\t<\/div>\n\t\t<\/div>\n\t\t\t\t\t<\/div>\n\t\t<\/section>\n\t\t\t\t<\/div>\n\t\t","protected":false},"excerpt":{"rendered":"<p>Le centre pr\u00e9coce accueille les patients de quelques mois a 3 &#8230; <\/p>\n","protected":false},"author":2,"featured_media":0,"parent":0,"menu_order":0,"comment_status":"closed","ping_status":"closed","template":"","meta":{"footnotes":""},"_links":{"self":[{"href":"https:\/\/ashms.net\/index.php?rest_route=\/wp\/v2\/pages\/2733"}],"collection":[{"href":"https:\/\/ashms.net\/index.php?rest_route=\/wp\/v2\/pages"}],"about":[{"href":"https:\/\/ashms.net\/index.php?rest_route=\/wp\/v2\/types\/page"}],"author":[{"embeddable":true,"href":"https:\/\/ashms.net\/index.php?rest_route=\/wp\/v2\/users\/2"}],"replies":[{"embeddable":true,"href":"https:\/\/ashms.net\/index.php?rest_route=%2Fwp%2Fv2%2Fcomments&post=2733"}],"version-history":[{"count":15,"href":"https:\/\/ashms.net\/index.php?rest_route=\/wp\/v2\/pages\/2733\/revisions"}],"predecessor-version":[{"id":2913,"href":"https:\/\/ashms.net\/index.php?rest_route=\/wp\/v2\/pages\/2733\/revisions\/2913"}],"wp:attachment":[{"href":"https:\/\/ashms.net\/index.php?rest_route=%2Fwp%2Fv2%2Fmedia&parent=2733"}],"curies":[{"name":"wp","href":"https:\/\/api.w.org\/{rel}","templated":true}]}}