{"id":2531,"date":"2022-10-19T21:54:21","date_gmt":"2022-10-19T21:54:21","guid":{"rendered":"http:\/\/ashms.tn\/?page_id=2531"},"modified":"2022-11-22T10:55:03","modified_gmt":"2022-11-22T10:55:03","slug":"lequipe-pluridisciplinaire-du-cpcp","status":"publish","type":"page","link":"https:\/\/ashms.net\/?page_id=2531","title":{"rendered":"L\u2019\u00e9quipe pluridisciplinaire du centre pr\u00e9coce"},"content":{"rendered":"\t\t<div data-elementor-type=\"wp-page\" data-elementor-id=\"2531\" class=\"elementor elementor-2531\">\n\t\t\t\t\t\t<section class=\"elementor-section elementor-top-section elementor-element elementor-element-f6632c7 elementor-section-boxed elementor-section-height-default elementor-section-height-default elementor-invisible\" data-id=\"f6632c7\" data-element_type=\"section\" data-settings=\"{&quot;animation&quot;:&quot;fadeIn&quot;}\">\n\t\t\t\t\t\t<div class=\"elementor-container elementor-column-gap-default\">\n\t\t\t\t\t<div class=\"elementor-column elementor-col-100 elementor-top-column elementor-element elementor-element-a0ed1b9\" data-id=\"a0ed1b9\" data-element_type=\"column\">\n\t\t\t<div class=\"elementor-widget-wrap elementor-element-populated\">\n\t\t\t\t\t\t<div class=\"elementor-element elementor-element-5bff524 elementor-widget elementor-widget-cz_title\" data-id=\"5bff524\" data-element_type=\"widget\" data-widget_type=\"cz_title.default\">\n\t\t\t\t<div class=\"elementor-widget-container\">\n\t\t\t\t\n\t\t<div>\n\t\t\t<div class=\"cz_title clr cz_mobile_text_center cz_title_pos_center\"><div class=\"cz_title_content\"><div class=\"cz_wpe_content\"><h3><span style=\"font-size: 25px;\">L\u2019\u00e9quipe pluridisciplinaire du centre pr\u00e9coce <\/span><\/h3><\/div><\/div><\/div>\n\t\t<\/div>\n\t\t\n\t\t\t\t<\/div>\n\t\t\t\t<\/div>\n\t\t\t\t\t<\/div>\n\t\t<\/div>\n\t\t\t\t\t<\/div>\n\t\t<\/section>\n\t\t\t\t<section class=\"elementor-section elementor-top-section elementor-element elementor-element-27a045e elementor-section-boxed elementor-section-height-default elementor-section-height-default\" data-id=\"27a045e\" data-element_type=\"section\">\n\t\t\t\t\t\t<div class=\"elementor-container elementor-column-gap-default\">\n\t\t\t\t\t<div class=\"elementor-column elementor-col-33 elementor-top-column elementor-element elementor-element-bb28c50\" data-id=\"bb28c50\" data-element_type=\"column\">\n\t\t\t<div class=\"elementor-widget-wrap elementor-element-populated\">\n\t\t\t\t\t\t<div class=\"elementor-element elementor-element-8ed9ded elementor-widget elementor-widget-image\" data-id=\"8ed9ded\" data-element_type=\"widget\" data-widget_type=\"image.default\">\n\t\t\t\t<div class=\"elementor-widget-container\">\n\t\t\t<style>\/*! elementor - v3.21.0 - 30-04-2024 *\/\n.elementor-widget-image{text-align:center}.elementor-widget-image a{display:inline-block}.elementor-widget-image a img[src$=\".svg\"]{width:48px}.elementor-widget-image img{vertical-align:middle;display:inline-block}<\/style>\t\t\t\t\t\t\t\t\t\t\t<a href=\"http:\/\/ashms.tn\/?page_id=2779\">\n\t\t\t\t\t\t\t<img fetchpriority=\"high\" decoding=\"async\" width=\"600\" height=\"500\" src=\"https:\/\/ashms.net\/wp-content\/uploads\/2022\/10\/ergo1.png\" class=\"attachment-large size-large wp-image-2610\" alt=\"\" srcset=\"https:\/\/ashms.net\/wp-content\/uploads\/2022\/10\/ergo1.png 600w, https:\/\/ashms.net\/wp-content\/uploads\/2022\/10\/ergo1-300x250.png 300w\" sizes=\"(max-width: 600px) 100vw, 600px\" \/>\t\t\t\t\t\t\t\t<\/a>\n\t\t\t\t\t\t\t\t\t\t\t\t\t<\/div>\n\t\t\t\t<\/div>\n\t\t\t\t<div class=\"elementor-element elementor-element-86609c3 elementor-widget elementor-widget-heading\" data-id=\"86609c3\" data-element_type=\"widget\" data-widget_type=\"heading.default\">\n\t\t\t\t<div class=\"elementor-widget-container\">\n\t\t\t<style>\/*! elementor - v3.21.0 - 30-04-2024 *\/\n.elementor-heading-title{padding:0;margin:0;line-height:1}.elementor-widget-heading .elementor-heading-title[class*=elementor-size-]>a{color:inherit;font-size:inherit;line-height:inherit}.elementor-widget-heading .elementor-heading-title.elementor-size-small{font-size:15px}.elementor-widget-heading .elementor-heading-title.elementor-size-medium{font-size:19px}.elementor-widget-heading .elementor-heading-title.elementor-size-large{font-size:29px}.elementor-widget-heading .elementor-heading-title.elementor-size-xl{font-size:39px}.elementor-widget-heading .elementor-heading-title.elementor-size-xxl{font-size:59px}<\/style><h3 class=\"elementor-heading-title elementor-size-default\"><a href=\"http:\/\/ashms.tn\/?page_id=2779\">Le corps m\u00e9dical <\/a><\/h3>\t\t<\/div>\n\t\t\t\t<\/div>\n\t\t\t\t\t<\/div>\n\t\t<\/div>\n\t\t\t\t<div class=\"elementor-column elementor-col-33 elementor-top-column elementor-element elementor-element-3192a5c\" data-id=\"3192a5c\" data-element_type=\"column\">\n\t\t\t<div class=\"elementor-widget-wrap elementor-element-populated\">\n\t\t\t\t\t\t<div class=\"elementor-element elementor-element-a82a9e9 elementor-widget elementor-widget-image\" data-id=\"a82a9e9\" data-element_type=\"widget\" data-widget_type=\"image.default\">\n\t\t\t\t<div class=\"elementor-widget-container\">\n\t\t\t\t\t\t\t\t\t\t\t\t\t\t<a href=\"http:\/\/ashms.tn\/?page_id=2789\">\n\t\t\t\t\t\t\t<img fetchpriority=\"high\" decoding=\"async\" width=\"600\" height=\"500\" src=\"https:\/\/ashms.net\/wp-content\/uploads\/2022\/10\/ergo1.png\" class=\"attachment-large size-large wp-image-2610\" alt=\"\" srcset=\"https:\/\/ashms.net\/wp-content\/uploads\/2022\/10\/ergo1.png 600w, https:\/\/ashms.net\/wp-content\/uploads\/2022\/10\/ergo1-300x250.png 300w\" sizes=\"(max-width: 600px) 100vw, 600px\" \/>\t\t\t\t\t\t\t\t<\/a>\n\t\t\t\t\t\t\t\t\t\t\t\t\t<\/div>\n\t\t\t\t<\/div>\n\t\t\t\t<div class=\"elementor-element elementor-element-af2a95b elementor-widget elementor-widget-heading\" data-id=\"af2a95b\" data-element_type=\"widget\" data-widget_type=\"heading.default\">\n\t\t\t\t<div class=\"elementor-widget-container\">\n\t\t\t<h3 class=\"elementor-heading-title elementor-size-default\"><a href=\"http:\/\/ashms.tn\/?page_id=2789\">Le corps param\u00e9dical <\/a><\/h3>\t\t<\/div>\n\t\t\t\t<\/div>\n\t\t\t\t\t<\/div>\n\t\t<\/div>\n\t\t\t\t<div class=\"elementor-column elementor-col-33 elementor-top-column elementor-element elementor-element-29a62c4\" data-id=\"29a62c4\" data-element_type=\"column\">\n\t\t\t<div class=\"elementor-widget-wrap elementor-element-populated\">\n\t\t\t\t\t\t<div class=\"elementor-element elementor-element-00470b5 elementor-widget elementor-widget-image\" data-id=\"00470b5\" data-element_type=\"widget\" data-widget_type=\"image.default\">\n\t\t\t\t<div class=\"elementor-widget-container\">\n\t\t\t\t\t\t\t\t\t\t\t\t\t\t<a href=\"http:\/\/ashms.tn\/?page_id=2838\">\n\t\t\t\t\t\t\t<img fetchpriority=\"high\" decoding=\"async\" width=\"600\" height=\"500\" src=\"https:\/\/ashms.net\/wp-content\/uploads\/2022\/10\/ergo1.png\" class=\"attachment-large size-large wp-image-2610\" alt=\"\" srcset=\"https:\/\/ashms.net\/wp-content\/uploads\/2022\/10\/ergo1.png 600w, https:\/\/ashms.net\/wp-content\/uploads\/2022\/10\/ergo1-300x250.png 300w\" sizes=\"(max-width: 600px) 100vw, 600px\" \/>\t\t\t\t\t\t\t\t<\/a>\n\t\t\t\t\t\t\t\t\t\t\t\t\t<\/div>\n\t\t\t\t<\/div>\n\t\t\t\t<div class=\"elementor-element elementor-element-f80d72e elementor-widget elementor-widget-heading\" data-id=\"f80d72e\" data-element_type=\"widget\" data-widget_type=\"heading.default\">\n\t\t\t\t<div class=\"elementor-widget-container\">\n\t\t\t<h3 class=\"elementor-heading-title elementor-size-default\"><a href=\"http:\/\/ashms.tn\/?page_id=2838\">Le corps social<\/a><\/h3>\t\t<\/div>\n\t\t\t\t<\/div>\n\t\t\t\t\t<\/div>\n\t\t<\/div>\n\t\t\t\t\t<\/div>\n\t\t<\/section>\n\t\t\t\t<\/div>\n\t\t","protected":false},"excerpt":{"rendered":"<p>L\u2019\u00e9quipe pluridisciplinaire du centre pr\u00e9coce Le corps m\u00e9dical Le corps param\u00e9dical &#8230; <\/p>\n","protected":false},"author":2,"featured_media":0,"parent":0,"menu_order":0,"comment_status":"closed","ping_status":"closed","template":"","meta":{"footnotes":""},"_links":{"self":[{"href":"https:\/\/ashms.net\/index.php?rest_route=\/wp\/v2\/pages\/2531"}],"collection":[{"href":"https:\/\/ashms.net\/index.php?rest_route=\/wp\/v2\/pages"}],"about":[{"href":"https:\/\/ashms.net\/index.php?rest_route=\/wp\/v2\/types\/page"}],"author":[{"embeddable":true,"href":"https:\/\/ashms.net\/index.php?rest_route=\/wp\/v2\/users\/2"}],"replies":[{"embeddable":true,"href":"https:\/\/ashms.net\/index.php?rest_route=%2Fwp%2Fv2%2Fcomments&post=2531"}],"version-history":[{"count":79,"href":"https:\/\/ashms.net\/index.php?rest_route=\/wp\/v2\/pages\/2531\/revisions"}],"predecessor-version":[{"id":2882,"href":"https:\/\/ashms.net\/index.php?rest_route=\/wp\/v2\/pages\/2531\/revisions\/2882"}],"wp:attachment":[{"href":"https:\/\/ashms.net\/index.php?rest_route=%2Fwp%2Fv2%2Fmedia&parent=2531"}],"curies":[{"name":"wp","href":"https:\/\/api.w.org\/{rel}","templated":true}]}}