{"id":2525,"date":"2022-10-19T21:49:03","date_gmt":"2022-10-19T21:49:03","guid":{"rendered":"http:\/\/ashms.tn\/?page_id=2525"},"modified":"2023-01-17T09:27:06","modified_gmt":"2023-01-17T09:27:06","slug":"les-mission-de-lequipe-pluridisciplinaire-du-cpcp","status":"publish","type":"page","link":"https:\/\/ashms.net\/?page_id=2525","title":{"rendered":"Mission du centre pr\u00e9coce"},"content":{"rendered":"\t\t<div data-elementor-type=\"wp-page\" data-elementor-id=\"2525\" class=\"elementor elementor-2525\">\n\t\t\t\t\t\t<section class=\"elementor-section elementor-top-section elementor-element elementor-element-203df6d elementor-section-boxed elementor-section-height-default elementor-section-height-default\" data-id=\"203df6d\" data-element_type=\"section\">\n\t\t\t\t\t\t<div class=\"elementor-container elementor-column-gap-default\">\n\t\t\t\t\t<div class=\"elementor-column elementor-col-100 elementor-top-column elementor-element elementor-element-55c93b7 elementor-invisible\" data-id=\"55c93b7\" data-element_type=\"column\" data-settings=\"{&quot;animation&quot;:&quot;fadeInLeft&quot;}\">\n\t\t\t<div class=\"elementor-widget-wrap elementor-element-populated\">\n\t\t\t\t\t\t<div class=\"elementor-element elementor-element-03200ae elementor-invisible elementor-widget elementor-widget-cz_title\" data-id=\"03200ae\" data-element_type=\"widget\" data-settings=\"{&quot;_animation&quot;:&quot;fadeIn&quot;}\" data-widget_type=\"cz_title.default\">\n\t\t\t\t<div class=\"elementor-widget-container\">\n\t\t\t\t\n\t\t<div>\n\t\t\t<div class=\"cz_title clr cz_mobile_text_center cz_title_pos_inline\"><div class=\"cz_title_content\"><div class=\"cz_wpe_content\"><h3><span style=\"font-size: 25px;\">L\u2019\u00e9quipe pluridisciplinaire du centre pr\u00e9coce a pour mission :<\/span><\/h3><\/div><\/div><\/div>\n\t\t<\/div>\n\t\t\n\t\t\t\t<\/div>\n\t\t\t\t<\/div>\n\t\t\t\t<div class=\"elementor-element elementor-element-02f1500 elementor-widget elementor-widget-spacer\" data-id=\"02f1500\" data-element_type=\"widget\" data-widget_type=\"spacer.default\">\n\t\t\t\t<div class=\"elementor-widget-container\">\n\t\t\t<style>\/*! elementor - v3.21.0 - 30-04-2024 *\/\n.elementor-column .elementor-spacer-inner{height:var(--spacer-size)}.e-con{--container-widget-width:100%}.e-con-inner>.elementor-widget-spacer,.e-con>.elementor-widget-spacer{width:var(--container-widget-width,var(--spacer-size));--align-self:var(--container-widget-align-self,initial);--flex-shrink:0}.e-con-inner>.elementor-widget-spacer>.elementor-widget-container,.e-con>.elementor-widget-spacer>.elementor-widget-container{height:100%;width:100%}.e-con-inner>.elementor-widget-spacer>.elementor-widget-container>.elementor-spacer,.e-con>.elementor-widget-spacer>.elementor-widget-container>.elementor-spacer{height:100%}.e-con-inner>.elementor-widget-spacer>.elementor-widget-container>.elementor-spacer>.elementor-spacer-inner,.e-con>.elementor-widget-spacer>.elementor-widget-container>.elementor-spacer>.elementor-spacer-inner{height:var(--container-widget-height,var(--spacer-size))}.e-con-inner>.elementor-widget-spacer.elementor-widget-empty,.e-con>.elementor-widget-spacer.elementor-widget-empty{position:relative;min-height:22px;min-width:22px}.e-con-inner>.elementor-widget-spacer.elementor-widget-empty .elementor-widget-empty-icon,.e-con>.elementor-widget-spacer.elementor-widget-empty .elementor-widget-empty-icon{position:absolute;top:0;bottom:0;left:0;right:0;margin:auto;padding:0;width:22px;height:22px}<\/style>\t\t<div class=\"elementor-spacer\">\n\t\t\t<div class=\"elementor-spacer-inner\"><\/div>\n\t\t<\/div>\n\t\t\t\t<\/div>\n\t\t\t\t<\/div>\n\t\t\t\t<div class=\"elementor-element elementor-element-e2121f7 elementor-invisible elementor-widget elementor-widget-cz_stylish_list\" data-id=\"e2121f7\" data-element_type=\"widget\" data-settings=\"{&quot;_animation&quot;:&quot;fadeIn&quot;}\" data-widget_type=\"cz_stylish_list.default\">\n\t\t\t\t<div class=\"elementor-widget-container\">\n\t\t\t<ul class=\"cz_stylish_list clr cz_sl_icon_hover_blur\"><li class=\"elementor-repeater-item-11e7155 clr\"><div class=\"cz_sl_icon\"><i class=\"mr10 fa czico-074-tick-inside-circle\"><\/i><\/div><div><span>Evaluation global de l'enfant pour connaitre les d\u00e9ficiences et les incapacit\u00e9s afin d'orienter le suivi pour atteindre les objectifs fix\u00e9s .<\/span><\/div><\/li><li class=\"elementor-repeater-item-394dd60 clr\"><div class=\"cz_sl_icon\"><i class=\"mr10 fa czico-074-tick-inside-circle\"><\/i><\/div><div><span>Pr\u00e9vention de certains retards de d\u00e9veloppement moteurs et l\u2019am\u00e9lioration des habilet\u00e9s motrices et cognitives.     <\/span><\/div><\/li><li class=\"elementor-repeater-item-7bdf7d6 clr\"><div class=\"cz_sl_icon\"><i class=\"mr10 fa czico-074-tick-inside-circle\"><\/i><\/div><div><span>Accompagnement, orientation et guidance parentale pendant toute la dur\u00e9e de la prise en charge de leur enfant  (du 1er rendez-vous \u00e0 sa sortie et apr\u00e8s sa sortie).<\/span><\/div><\/li><\/ul>\t\t<\/div>\n\t\t\t\t<\/div>\n\t\t\t\t\t<\/div>\n\t\t<\/div>\n\t\t\t\t\t<\/div>\n\t\t<\/section>\n\t\t\t\t<\/div>\n\t\t","protected":false},"excerpt":{"rendered":"<p>L\u2019\u00e9quipe pluridisciplinaire du centre pr\u00e9coce a pour mission : Evaluation global &#8230; <\/p>\n","protected":false},"author":2,"featured_media":0,"parent":0,"menu_order":0,"comment_status":"closed","ping_status":"closed","template":"","meta":{"footnotes":""},"_links":{"self":[{"href":"https:\/\/ashms.net\/index.php?rest_route=\/wp\/v2\/pages\/2525"}],"collection":[{"href":"https:\/\/ashms.net\/index.php?rest_route=\/wp\/v2\/pages"}],"about":[{"href":"https:\/\/ashms.net\/index.php?rest_route=\/wp\/v2\/types\/page"}],"author":[{"embeddable":true,"href":"https:\/\/ashms.net\/index.php?rest_route=\/wp\/v2\/users\/2"}],"replies":[{"embeddable":true,"href":"https:\/\/ashms.net\/index.php?rest_route=%2Fwp%2Fv2%2Fcomments&post=2525"}],"version-history":[{"count":27,"href":"https:\/\/ashms.net\/index.php?rest_route=\/wp\/v2\/pages\/2525\/revisions"}],"predecessor-version":[{"id":3191,"href":"https:\/\/ashms.net\/index.php?rest_route=\/wp\/v2\/pages\/2525\/revisions\/3191"}],"wp:attachment":[{"href":"https:\/\/ashms.net\/index.php?rest_route=%2Fwp%2Fv2%2Fmedia&parent=2525"}],"curies":[{"name":"wp","href":"https:\/\/api.w.org\/{rel}","templated":true}]}}