{"id":1686,"date":"2022-08-27T23:26:58","date_gmt":"2022-08-27T23:26:58","guid":{"rendered":"http:\/\/ashms.tn\/?page_id=1686"},"modified":"2022-11-22T11:10:31","modified_gmt":"2022-11-22T11:10:31","slug":"definition-et-caracteristiques-de-la-population-cible","status":"publish","type":"page","link":"https:\/\/ashms.net\/?page_id=1686","title":{"rendered":"Pr\u00e9sentation du centre pr\u00e9coce"},"content":{"rendered":"\t\t<div data-elementor-type=\"wp-page\" data-elementor-id=\"1686\" class=\"elementor elementor-1686\">\n\t\t\t\t\t\t<section class=\"elementor-section elementor-top-section elementor-element elementor-element-40be4c6 elementor-section-boxed elementor-section-height-default elementor-section-height-default\" data-id=\"40be4c6\" data-element_type=\"section\">\n\t\t\t\t\t\t<div class=\"elementor-container elementor-column-gap-default\">\n\t\t\t\t\t<div class=\"elementor-column elementor-col-100 elementor-top-column elementor-element elementor-element-fdff799 elementor-invisible\" data-id=\"fdff799\" data-element_type=\"column\" data-settings=\"{&quot;animation&quot;:&quot;fadeInLeft&quot;}\">\n\t\t\t<div class=\"elementor-widget-wrap elementor-element-populated\">\n\t\t\t\t\t\t<div class=\"elementor-element elementor-element-e42478b elementor-widget elementor-widget-cz_title\" data-id=\"e42478b\" data-element_type=\"widget\" data-widget_type=\"cz_title.default\">\n\t\t\t\t<div class=\"elementor-widget-container\">\n\t\t\t\t\n\t\t<div>\n\t\t\t<div class=\"cz_title clr cz_mobile_text_center cz_title_pos_center\"><div class=\"cz_title_content\"><div class=\"cz_wpe_content\"><h3><span style=\"font-size: 25px;\"><span style=\"vertical-align: inherit;\"><span style=\"vertical-align: inherit;\"><span style=\"vertical-align: inherit;\"><span style=\"vertical-align: inherit;\">Pr\u00e9sentation du centre pr\u00e9coce <\/span><\/span><\/span><\/span><\/span><\/h3><\/div><\/div><\/div>\n\t\t<\/div>\n\t\t\n\t\t\t\t<\/div>\n\t\t\t\t<\/div>\n\t\t\t\t<div class=\"elementor-element elementor-element-b752f75 elementor-widget elementor-widget-cz_title\" data-id=\"b752f75\" data-element_type=\"widget\" data-widget_type=\"cz_title.default\">\n\t\t\t\t<div class=\"elementor-widget-container\">\n\t\t\t\t\n\t\t<div>\n\t\t\t<div class=\"cz_title clr cz_mobile_text_center cz_title_pos_inline\"><div class=\"cz_title_content\"><div class=\"cz_wpe_content\"><p style=\"font-size: 17px;\" align=\"justify\"><span style=\"vertical-align: inherit;\"><span style=\"vertical-align: inherit;\"><span style=\"vertical-align: inherit;\"><span style=\"vertical-align: inherit;\">Le centre pr\u00e9coce a \u00e9t\u00e9 cr\u00e9\u00e9 fin 2005, en partenariat avec :<\/span><\/span><\/span><\/span><\/p><\/div><\/div><\/div>\n\t\t<\/div>\n\t\t\n\t\t\t\t<\/div>\n\t\t\t\t<\/div>\n\t\t\t\t<div class=\"elementor-element elementor-element-892d0fb elementor-widget elementor-widget-cz_stylish_list\" data-id=\"892d0fb\" data-element_type=\"widget\" data-widget_type=\"cz_stylish_list.default\">\n\t\t\t\t<div class=\"elementor-widget-container\">\n\t\t\t<ul class=\"cz_stylish_list clr cz_sl_icon_hover_blur\"><li class=\"elementor-repeater-item-11e7155 clr\"><div class=\"cz_sl_icon\"><i class=\"mr10 fa czico-074-tick-inside-circle\"><\/i><\/div><div><span><h3><span style=\"font-size: 20px; color: #002699;\">L\u2019association de sauvegarde des handicap\u00e9s moteurs de Sfax (ASHMS).<\/span><\/div><\/li><li class=\"elementor-repeater-item-4169ab4 clr\"><div class=\"cz_sl_icon\"><i class=\"mr10 fa czico-074-tick-inside-circle\"><\/i><\/div><div><span><h3><span style=\"font-size: 20px; color: #002699;\">Service de neurologie p\u00e9diatrique au CHU Hedi Chaker de Sfax.<\/span><\/div><\/li><li class=\"elementor-repeater-item-7bdf7d6 clr\"><div class=\"cz_sl_icon\"><i class=\"mr10 fa czico-074-tick-inside-circle\"><\/i><\/div><div><span><h3><span style=\"font-size: 20px; color: #002699;\">Service de m\u00e9decine physique et r\u00e9adaptation fonctionnelle au CHU Habib Bourguiba de Sfax.<\/span><\/div><\/li><\/ul>\t\t<\/div>\n\t\t\t\t<\/div>\n\t\t\t\t<div class=\"elementor-element elementor-element-67bcd2a elementor-widget elementor-widget-cz_title\" data-id=\"67bcd2a\" data-element_type=\"widget\" data-widget_type=\"cz_title.default\">\n\t\t\t\t<div class=\"elementor-widget-container\">\n\t\t\t\t\n\t\t<div>\n\t\t\t<div class=\"cz_title clr cz_mobile_text_center cz_title_pos_inline\"><div class=\"cz_title_content\"><div class=\"cz_wpe_content\"><p style=\"font-size: 17px;\" align=\"justify\"><span style=\"vertical-align: inherit;\"><span style=\"vertical-align: inherit;\"><span style=\"vertical-align: inherit;\"><span style=\"vertical-align: inherit;\"><span style=\"vertical-align: inherit;\"><span style=\"vertical-align: inherit;\">Le centre prend en charge les nouveau-n\u00e9s qui ont eu des probl\u00e8mes de sant\u00e9 pendant la grossesse, \u00e0 la naissance ou au cours des premiers mois de la vie du b\u00e9b\u00e9 ce qui peut les exposer \u00e0 des retards ou \u00e0 des perturbations du d\u00e9veloppement sensori-moteurs dont la gravit\u00e9 varie d\u2019un enfant \u00e0 un autre.\n<br>\nIl vise \u00e9galement \u00e0 fournir des informations sanitaires, sociales et \u00e9ducatives pr\u00e9coces.\n<\/span><\/span><\/span><\/span><\/span><\/span><\/p><\/div><\/div><\/div>\n\t\t<\/div>\n\t\t\n\t\t\t\t<\/div>\n\t\t\t\t<\/div>\n\t\t\t\t\t<\/div>\n\t\t<\/div>\n\t\t\t\t\t<\/div>\n\t\t<\/section>\n\t\t\t\t<\/div>\n\t\t","protected":false},"excerpt":{"rendered":"<p>Pr\u00e9sentation du centre pr\u00e9coce Le centre pr\u00e9coce a \u00e9t\u00e9 cr\u00e9\u00e9 fin &#8230; <\/p>\n","protected":false},"author":2,"featured_media":0,"parent":0,"menu_order":0,"comment_status":"closed","ping_status":"closed","template":"","meta":{"footnotes":""},"_links":{"self":[{"href":"https:\/\/ashms.net\/index.php?rest_route=\/wp\/v2\/pages\/1686"}],"collection":[{"href":"https:\/\/ashms.net\/index.php?rest_route=\/wp\/v2\/pages"}],"about":[{"href":"https:\/\/ashms.net\/index.php?rest_route=\/wp\/v2\/types\/page"}],"author":[{"embeddable":true,"href":"https:\/\/ashms.net\/index.php?rest_route=\/wp\/v2\/users\/2"}],"replies":[{"embeddable":true,"href":"https:\/\/ashms.net\/index.php?rest_route=%2Fwp%2Fv2%2Fcomments&post=1686"}],"version-history":[{"count":44,"href":"https:\/\/ashms.net\/index.php?rest_route=\/wp\/v2\/pages\/1686\/revisions"}],"predecessor-version":[{"id":2904,"href":"https:\/\/ashms.net\/index.php?rest_route=\/wp\/v2\/pages\/1686\/revisions\/2904"}],"wp:attachment":[{"href":"https:\/\/ashms.net\/index.php?rest_route=%2Fwp%2Fv2%2Fmedia&parent=1686"}],"curies":[{"name":"wp","href":"https:\/\/api.w.org\/{rel}","templated":true}]}}